{"id":19,"date":"2024-06-07T13:18:42","date_gmt":"2024-06-07T16:18:42","guid":{"rendered":"http:\/\/cadetudo2.hospedagemdesites.ws\/ricardoferraz\/?page_id=19"},"modified":"2024-06-07T20:27:35","modified_gmt":"2024-06-07T23:27:35","slug":"historia","status":"publish","type":"page","link":"https:\/\/cadetudo.com.br\/ricardoferraz\/historia\/","title":{"rendered":"Hist\u00f3ria"},"content":{"rendered":"\t\t<div data-elementor-type=\"wp-page\" data-elementor-id=\"19\" class=\"elementor elementor-19\">\n\t\t\t\t<div class=\"elementor-element elementor-element-4654fef e-flex e-con-boxed e-con e-parent\" data-id=\"4654fef\" data-element_type=\"container\" data-settings=\"{&quot;background_background&quot;:&quot;classic&quot;}\">\n\t\t\t\t\t<div class=\"e-con-inner\">\n\t\t\t\t<div class=\"elementor-element elementor-element-2b14808 elementor-widget elementor-widget-ekit-nav-menu\" data-id=\"2b14808\" data-element_type=\"widget\" data-widget_type=\"ekit-nav-menu.default\">\n\t\t\t\t<div class=\"elementor-widget-container\">\n\t\t\t<div class=\"ekit-wid-con ekit_menu_responsive_tablet\" data-hamburger-icon=\"icon icon-menu1\" data-hamburger-icon-type=\"icon\" data-responsive-breakpoint=\"1024\">            <button class=\"elementskit-menu-hamburger elementskit-menu-toggler\"  type=\"button\" aria-label=\"hamburger-icon\">\n                <i aria-hidden=\"true\" class=\"ekit-menu-icon icon icon-menu1\"><\/i>            <\/button>\n            <div id=\"ekit-megamenu-menu_principal\" class=\"elementskit-menu-container elementskit-menu-offcanvas-elements elementskit-navbar-nav-default ekit-nav-menu-one-page-no ekit-nav-dropdown-hover\"><ul id=\"menu-menu_principal\" class=\"elementskit-navbar-nav elementskit-menu-po-left submenu-click-on-icon\"><li id=\"menu-item-35\" class=\"menu-item menu-item-type-post_type menu-item-object-page menu-item-home menu-item-35 nav-item elementskit-mobile-builder-content\" data-vertical-menu=750px><a href=\"https:\/\/cadetudo.com.br\/ricardoferraz\/\" class=\"ekit-menu-nav-link\">Home<\/a><\/li>\n<li id=\"menu-item-34\" class=\"menu-item menu-item-type-post_type menu-item-object-page menu-item-34 nav-item elementskit-mobile-builder-content\" data-vertical-menu=750px><a href=\"https:\/\/cadetudo.com.br\/ricardoferraz\/historia\/\" class=\"ekit-menu-nav-link\">Hist\u00f3ria<\/a><\/li>\n<li id=\"menu-item-33\" class=\"menu-item menu-item-type-post_type menu-item-object-page menu-item-33 nav-item elementskit-mobile-builder-content\" data-vertical-menu=750px><a href=\"https:\/\/cadetudo.com.br\/ricardoferraz\/o-artista\/\" class=\"ekit-menu-nav-link\">O Artista<\/a><\/li>\n<li id=\"menu-item-40\" class=\"menu-item menu-item-type-post_type menu-item-object-page menu-item-40 nav-item elementskit-mobile-builder-content\" data-vertical-menu=750px><a href=\"https:\/\/cadetudo.com.br\/ricardoferraz\/trajetoria\/\" class=\"ekit-menu-nav-link\">Trajet\u00f3ria<\/a><\/li>\n<li id=\"menu-item-41\" class=\"menu-item menu-item-type-post_type menu-item-object-page menu-item-41 nav-item elementskit-mobile-builder-content\" data-vertical-menu=750px><a href=\"https:\/\/cadetudo.com.br\/ricardoferraz\/cartuns\/\" class=\"ekit-menu-nav-link\">Cartuns<\/a><\/li>\n<li id=\"menu-item-32\" class=\"menu-item menu-item-type-post_type menu-item-object-page menu-item-32 nav-item elementskit-mobile-builder-content\" data-vertical-menu=750px><a href=\"https:\/\/cadetudo.com.br\/ricardoferraz\/contato\/\" class=\"ekit-menu-nav-link\">Contato<\/a><\/li>\n<\/ul><div class=\"elementskit-nav-identity-panel\">\n\t\t\t\t<div class=\"elementskit-site-title\">\n\t\t\t\t\t<a class=\"elementskit-nav-logo\" href=\"https:\/\/cadetudo.com.br\/ricardoferraz\" target=\"_self\" rel=\"\">\n\t\t\t\t\t\t<img decoding=\"async\" src=\"\" title=\"\" alt=\"\" \/>\n\t\t\t\t\t<\/a> \n\t\t\t\t<\/div><button class=\"elementskit-menu-close elementskit-menu-toggler\" type=\"button\">X<\/button><\/div><\/div>\t\t\t\n\t\t\t<div class=\"elementskit-menu-overlay elementskit-menu-offcanvas-elements elementskit-menu-toggler ekit-nav-menu--overlay\"><\/div><\/div>\t\t<\/div>\n\t\t\t\t<\/div>\n\t\t\t\t<div class=\"elementor-element elementor-element-87b855d elementor-icon-list--layout-traditional elementor-list-item-link-full_width elementor-widget elementor-widget-icon-list\" data-id=\"87b855d\" data-element_type=\"widget\" data-widget_type=\"icon-list.default\">\n\t\t\t\t<div class=\"elementor-widget-container\">\n\t\t\t<link rel=\"stylesheet\" href=\"https:\/\/cadetudo.com.br\/ricardoferraz\/wp-content\/plugins\/elementor\/assets\/css\/widget-icon-list.min.css\">\t\t<ul class=\"elementor-icon-list-items\">\n\t\t\t\t\t\t\t<li class=\"elementor-icon-list-item\">\n\t\t\t\t\t\t\t\t\t\t\t<a href=\"https:\/\/www.instagram.com\/ricardoferraz65\/\" target=\"_blank\">\n\n\t\t\t\t\t\t\t\t\t\t\t\t<span class=\"elementor-icon-list-icon\">\n\t\t\t\t\t\t\t<svg aria-hidden=\"true\" class=\"e-font-icon-svg e-fab-instagram\" viewBox=\"0 0 448 512\" xmlns=\"http:\/\/www.w3.org\/2000\/svg\"><path d=\"M224.1 141c-63.6 0-114.9 51.3-114.9 114.9s51.3 114.9 114.9 114.9S339 319.5 339 255.9 287.7 141 224.1 141zm0 189.6c-41.1 0-74.7-33.5-74.7-74.7s33.5-74.7 74.7-74.7 74.7 33.5 74.7 74.7-33.6 74.7-74.7 74.7zm146.4-194.3c0 14.9-12 26.8-26.8 26.8-14.9 0-26.8-12-26.8-26.8s12-26.8 26.8-26.8 26.8 12 26.8 26.8zm76.1 27.2c-1.7-35.9-9.9-67.7-36.2-93.9-26.2-26.2-58-34.4-93.9-36.2-37-2.1-147.9-2.1-184.9 0-35.8 1.7-67.6 9.9-93.9 36.1s-34.4 58-36.2 93.9c-2.1 37-2.1 147.9 0 184.9 1.7 35.9 9.9 67.7 36.2 93.9s58 34.4 93.9 36.2c37 2.1 147.9 2.1 184.9 0 35.9-1.7 67.7-9.9 93.9-36.2 26.2-26.2 34.4-58 36.2-93.9 2.1-37 2.1-147.8 0-184.8zM398.8 388c-7.8 19.6-22.9 34.7-42.6 42.6-29.5 11.7-99.5 9-132.1 9s-102.7 2.6-132.1-9c-19.6-7.8-34.7-22.9-42.6-42.6-11.7-29.5-9-99.5-9-132.1s-2.6-102.7 9-132.1c7.8-19.6 22.9-34.7 42.6-42.6 29.5-11.7 99.5-9 132.1-9s102.7-2.6 132.1 9c19.6 7.8 34.7 22.9 42.6 42.6 11.7 29.5 9 99.5 9 132.1s2.7 102.7-9 132.1z\"><\/path><\/svg>\t\t\t\t\t\t<\/span>\n\t\t\t\t\t\t\t\t\t\t<span class=\"elementor-icon-list-text\">Siga-me no Instagram<\/span>\n\t\t\t\t\t\t\t\t\t\t\t<\/a>\n\t\t\t\t\t\t\t\t\t<\/li>\n\t\t\t\t\t\t<\/ul>\n\t\t\t\t<\/div>\n\t\t\t\t<\/div>\n\t\t\t\t\t<\/div>\n\t\t\t\t<\/div>\n\t\t<div class=\"elementor-element elementor-element-a9a3f7c e-flex e-con-boxed e-con e-parent\" data-id=\"a9a3f7c\" data-element_type=\"container\" data-settings=\"{&quot;background_background&quot;:&quot;gradient&quot;}\">\n\t\t\t\t\t<div class=\"e-con-inner\">\n\t\t<div class=\"elementor-element elementor-element-3eb226b e-con-full e-flex e-con e-child\" data-id=\"3eb226b\" data-element_type=\"container\">\n\t\t<div class=\"elementor-element elementor-element-d3748e8 e-con-full e-flex e-con e-child\" data-id=\"d3748e8\" data-element_type=\"container\">\n\t\t\t\t<div class=\"elementor-element elementor-element-6d9ad90 elementor-widget elementor-widget-image\" data-id=\"6d9ad90\" data-element_type=\"widget\" data-widget_type=\"image.default\">\n\t\t\t\t<div class=\"elementor-widget-container\">\n\t\t\t<style>\/*! elementor - v3.21.0 - 26-05-2024 *\/\n.elementor-widget-image{text-align:center}.elementor-widget-image a{display:inline-block}.elementor-widget-image a img[src$=\".svg\"]{width:48px}.elementor-widget-image img{vertical-align:middle;display:inline-block}<\/style>\t\t\t\t\t\t\t\t\t\t<img fetchpriority=\"high\" decoding=\"async\" width=\"600\" height=\"802\" src=\"https:\/\/cadetudo.com.br\/ricardoferraz\/wp-content\/uploads\/2024\/06\/foto-ricardo-ferraz.png\" class=\"attachment-large size-large wp-image-15\" alt=\"\" srcset=\"https:\/\/cadetudo.com.br\/ricardoferraz\/wp-content\/uploads\/2024\/06\/foto-ricardo-ferraz.png 600w, https:\/\/cadetudo.com.br\/ricardoferraz\/wp-content\/uploads\/2024\/06\/foto-ricardo-ferraz-224x300.png 224w\" sizes=\"(max-width: 600px) 100vw, 600px\" \/>\t\t\t\t\t\t\t\t\t\t\t\t\t<\/div>\n\t\t\t\t<\/div>\n\t\t\t\t<\/div>\n\t\t<div class=\"elementor-element elementor-element-1483b95 e-con-full e-flex e-con e-child\" data-id=\"1483b95\" data-element_type=\"container\">\n\t\t\t\t<div class=\"elementor-element elementor-element-12cd6ad elementor-widget elementor-widget-heading\" data-id=\"12cd6ad\" data-element_type=\"widget\" data-widget_type=\"heading.default\">\n\t\t\t\t<div class=\"elementor-widget-container\">\n\t\t\t<style>\/*! elementor - v3.21.0 - 26-05-2024 *\/\n.elementor-heading-title{padding:0;margin:0;line-height:1}.elementor-widget-heading .elementor-heading-title[class*=elementor-size-]>a{color:inherit;font-size:inherit;line-height:inherit}.elementor-widget-heading .elementor-heading-title.elementor-size-small{font-size:15px}.elementor-widget-heading .elementor-heading-title.elementor-size-medium{font-size:19px}.elementor-widget-heading .elementor-heading-title.elementor-size-large{font-size:29px}.elementor-widget-heading .elementor-heading-title.elementor-size-xl{font-size:39px}.elementor-widget-heading .elementor-heading-title.elementor-size-xxl{font-size:59px}<\/style><h2 class=\"elementor-heading-title elementor-size-default\">Ricardo Ferraz<\/h2>\t\t<\/div>\n\t\t\t\t<\/div>\n\t\t\t\t<div class=\"elementor-element elementor-element-3327d26 elementor-widget elementor-widget-heading\" data-id=\"3327d26\" data-element_type=\"widget\" data-widget_type=\"heading.default\">\n\t\t\t\t<div class=\"elementor-widget-container\">\n\t\t\t<h2 class=\"elementor-heading-title elementor-size-default\">Ilustrador e Cartunista<\/h2>\t\t<\/div>\n\t\t\t\t<\/div>\n\t\t\t\t<\/div>\n\t\t\t\t<\/div>\n\t\t\t\t\t<\/div>\n\t\t\t\t<\/div>\n\t\t<div class=\"elementor-element elementor-element-660cb71 e-flex e-con-boxed e-con e-parent\" data-id=\"660cb71\" data-element_type=\"container\" data-settings=\"{&quot;background_background&quot;:&quot;classic&quot;,&quot;shape_divider_bottom&quot;:&quot;triangle-asymmetrical&quot;}\">\n\t\t\t\t\t<div class=\"e-con-inner\">\n\t\t\t\t<div class=\"elementor-shape elementor-shape-bottom\" data-negative=\"false\">\n\t\t\t<svg xmlns=\"http:\/\/www.w3.org\/2000\/svg\" viewBox=\"0 0 1000 100\" preserveAspectRatio=\"none\">\n\t<path class=\"elementor-shape-fill\" d=\"M738,99l262-93V0H0v5.6L738,99z\"\/>\n<\/svg>\t\t<\/div>\n\t\t\t\t\t<\/div>\n\t\t\t\t<\/div>\n\t\t<div class=\"elementor-element elementor-element-b738634 e-flex e-con-boxed e-con e-parent\" data-id=\"b738634\" data-element_type=\"container\">\n\t\t\t\t\t<div class=\"e-con-inner\">\n\t\t\t\t<div class=\"elementor-element elementor-element-f25e566 elementor-widget elementor-widget-heading\" data-id=\"f25e566\" data-element_type=\"widget\" data-widget_type=\"heading.default\">\n\t\t\t\t<div class=\"elementor-widget-container\">\n\t\t\t<h2 class=\"elementor-heading-title elementor-size-default\">A Hist\u00f3ria<\/h2>\t\t<\/div>\n\t\t\t\t<\/div>\n\t\t\t\t<div class=\"elementor-element elementor-element-fe947d7 elementor-widget-divider--view-line elementor-widget elementor-widget-divider\" data-id=\"fe947d7\" data-element_type=\"widget\" data-widget_type=\"divider.default\">\n\t\t\t\t<div class=\"elementor-widget-container\">\n\t\t\t<style>\/*! elementor - v3.21.0 - 26-05-2024 *\/\n.elementor-widget-divider{--divider-border-style:none;--divider-border-width:1px;--divider-color:#0c0d0e;--divider-icon-size:20px;--divider-element-spacing:10px;--divider-pattern-height:24px;--divider-pattern-size:20px;--divider-pattern-url:none;--divider-pattern-repeat:repeat-x}.elementor-widget-divider .elementor-divider{display:flex}.elementor-widget-divider .elementor-divider__text{font-size:15px;line-height:1;max-width:95%}.elementor-widget-divider .elementor-divider__element{margin:0 var(--divider-element-spacing);flex-shrink:0}.elementor-widget-divider .elementor-icon{font-size:var(--divider-icon-size)}.elementor-widget-divider .elementor-divider-separator{display:flex;margin:0;direction:ltr}.elementor-widget-divider--view-line_icon .elementor-divider-separator,.elementor-widget-divider--view-line_text .elementor-divider-separator{align-items:center}.elementor-widget-divider--view-line_icon .elementor-divider-separator:after,.elementor-widget-divider--view-line_icon .elementor-divider-separator:before,.elementor-widget-divider--view-line_text .elementor-divider-separator:after,.elementor-widget-divider--view-line_text .elementor-divider-separator:before{display:block;content:\"\";border-block-end:0;flex-grow:1;border-block-start:var(--divider-border-width) var(--divider-border-style) var(--divider-color)}.elementor-widget-divider--element-align-left .elementor-divider .elementor-divider-separator>.elementor-divider__svg:first-of-type{flex-grow:0;flex-shrink:100}.elementor-widget-divider--element-align-left .elementor-divider-separator:before{content:none}.elementor-widget-divider--element-align-left .elementor-divider__element{margin-left:0}.elementor-widget-divider--element-align-right .elementor-divider .elementor-divider-separator>.elementor-divider__svg:last-of-type{flex-grow:0;flex-shrink:100}.elementor-widget-divider--element-align-right .elementor-divider-separator:after{content:none}.elementor-widget-divider--element-align-right .elementor-divider__element{margin-right:0}.elementor-widget-divider--element-align-start .elementor-divider .elementor-divider-separator>.elementor-divider__svg:first-of-type{flex-grow:0;flex-shrink:100}.elementor-widget-divider--element-align-start .elementor-divider-separator:before{content:none}.elementor-widget-divider--element-align-start .elementor-divider__element{margin-inline-start:0}.elementor-widget-divider--element-align-end .elementor-divider .elementor-divider-separator>.elementor-divider__svg:last-of-type{flex-grow:0;flex-shrink:100}.elementor-widget-divider--element-align-end .elementor-divider-separator:after{content:none}.elementor-widget-divider--element-align-end .elementor-divider__element{margin-inline-end:0}.elementor-widget-divider:not(.elementor-widget-divider--view-line_text):not(.elementor-widget-divider--view-line_icon) .elementor-divider-separator{border-block-start:var(--divider-border-width) var(--divider-border-style) var(--divider-color)}.elementor-widget-divider--separator-type-pattern{--divider-border-style:none}.elementor-widget-divider--separator-type-pattern.elementor-widget-divider--view-line .elementor-divider-separator,.elementor-widget-divider--separator-type-pattern:not(.elementor-widget-divider--view-line) .elementor-divider-separator:after,.elementor-widget-divider--separator-type-pattern:not(.elementor-widget-divider--view-line) .elementor-divider-separator:before,.elementor-widget-divider--separator-type-pattern:not([class*=elementor-widget-divider--view]) .elementor-divider-separator{width:100%;min-height:var(--divider-pattern-height);-webkit-mask-size:var(--divider-pattern-size) 100%;mask-size:var(--divider-pattern-size) 100%;-webkit-mask-repeat:var(--divider-pattern-repeat);mask-repeat:var(--divider-pattern-repeat);background-color:var(--divider-color);-webkit-mask-image:var(--divider-pattern-url);mask-image:var(--divider-pattern-url)}.elementor-widget-divider--no-spacing{--divider-pattern-size:auto}.elementor-widget-divider--bg-round{--divider-pattern-repeat:round}.rtl .elementor-widget-divider .elementor-divider__text{direction:rtl}.e-con-inner>.elementor-widget-divider,.e-con>.elementor-widget-divider{width:var(--container-widget-width,100%);--flex-grow:var(--container-widget-flex-grow)}<\/style>\t\t<div class=\"elementor-divider\">\n\t\t\t<span class=\"elementor-divider-separator\">\n\t\t\t\t\t\t<\/span>\n\t\t<\/div>\n\t\t\t\t<\/div>\n\t\t\t\t<\/div>\n\t\t\t\t<div class=\"elementor-element elementor-element-0410cce elementor-widget elementor-widget-text-editor\" data-id=\"0410cce\" data-element_type=\"widget\" data-widget_type=\"text-editor.default\">\n\t\t\t\t<div class=\"elementor-widget-container\">\n\t\t\t<style>\/*! elementor - v3.21.0 - 26-05-2024 *\/\n.elementor-widget-text-editor.elementor-drop-cap-view-stacked .elementor-drop-cap{background-color:#69727d;color:#fff}.elementor-widget-text-editor.elementor-drop-cap-view-framed .elementor-drop-cap{color:#69727d;border:3px solid;background-color:transparent}.elementor-widget-text-editor:not(.elementor-drop-cap-view-default) .elementor-drop-cap{margin-top:8px}.elementor-widget-text-editor:not(.elementor-drop-cap-view-default) .elementor-drop-cap-letter{width:1em;height:1em}.elementor-widget-text-editor .elementor-drop-cap{float:left;text-align:center;line-height:1;font-size:50px}.elementor-widget-text-editor .elementor-drop-cap-letter{display:inline-block}<\/style>\t\t\t\t<div id=\"conteudos-tp\"><p class=\"fontbold\">Como tudo come\u00e7ou&#8230;<\/p><p>Esta colet\u00e2nea de cartuns tem\u00e1ticos, que aborda o dia a dia das pessoas com defici\u00eancia, \u00e9 o resultado de duas d\u00e9cadas durante as quais registrei flagrantes em que as barreiras arquitet\u00f4nicas, o preconceito e a desinforma\u00e7\u00e3o est\u00e3o presentes.<\/p><p>Tudo come\u00e7ou em 1981, escolhido pela ONU como &#8220;Ano Internacional das Pessoas com Defici\u00eancia&#8221;, tendo como tema central &#8220;Participa\u00e7\u00e3o plena e igualdades&#8221;. Era &#8220;quase&#8221; uma utopia, pois, naquale \u00e9poca, ainda n\u00e3o se falava em INCLUS\u00c3O SOCIAL e outros conceitos de CIDADANIA. A sociedade desconhecia o potencial do portador de defici\u00eancia; tinha uma vis\u00e3o assistencialista e paternalista.<\/p><p>Nesse mesmo ano fui convidado a articular uma associa\u00e7\u00e3o da categoria em minha cidade Cachoeiro de Itapemirim, no Esp\u00edrito Santo. A cidade possui uma topografia bastante acidentada, o que, consequentemente, dificulta o acesso das pessoas com defici\u00eancias f\u00edsicas ao espa\u00e7o urbano, principalmente aquelas de cadeira de rodas.<\/p><p>Foi uma miss\u00e3o dif\u00edcil. Primeiro, pela falta de informa\u00e7\u00e3o. Eu desconhecia meus pr\u00f3prios direitos e, muito complexado, n\u00e3o assumia minha defici\u00eancia. Depois, n\u00e3o conhecia a realidade de outras pessoas com defici\u00eancias: onde moravam, como viviam. Era um desafio.<\/p><p>Visitando os bairros perif\u00e9ricos, deparei-me com quadros dram\u00e1ticos de pessoas portadoras de defici\u00eancia. O extemo da segrega\u00e7\u00e3o, reflexo da ignor\u00e2ncia e do preconceito, tudo isso associado \u00e0 condi\u00e7\u00e3o da pobreza absoluta. Foi um impacto muito forte. Perplexo com aquela situa\u00e7\u00e3o e impotente diante daquele flagelo humano, percebi que minha voz n\u00e3o tinha eco. Num instante de reflex\u00e3o, pensei: &#8220;Tenho uma id\u00e9ia&#8221;. Gritei emocionado: &#8220;EUREKA&#8221;! Fazia cartuns para o jornal da prefeitura, &#8220;O Momento&#8221;. Por que n\u00e3o abordar aquela realidade por meio de cartuns?<\/p><p>A arte foi um importante instrumento de reflex\u00e3o nessa longa jornada, no combate ao preconceito. Passei a produzir cartuns enfocando a quest\u00e3o e deixava bem claro que &#8220;a proposta n\u00e3o era generalizar nem dramatizar, mas fazer c\u00f3cegas na sensibilidade&#8221;.<\/p><p>Logo, os desenhos ganharam espa\u00e7o nos jornais e revistas especializados em todo o Brasil. Com o \u00eaxito, passei a realizar exposi\u00e7\u00f5es itinerantes. Os visitantes revelaram profundas emo\u00e7\u00f5es e indigna\u00e7\u00e3o ao se depararem com a realidade que at\u00e9 ent\u00e3o desconheciam. O tema provocou reflex\u00f5es e discuss\u00f5es em todos os locais por onde a mostra passou.<\/p><p>Lancei esta colet\u00e2nea durante o XIX Congresso Mundial da &#8220;Reabilita\u00e7\u00e3o Internacional&#8221;, no ano 2000, no Rio de Janeiro. O evento possibilitou-me divulgar a publica\u00e7\u00e3o nos cinco continentes ali representados. Conclui que a problem\u00e1tica n\u00e3o era apenas na minha cidade, mas que a exclus\u00e3o social consistia em uma preocupa\u00e7\u00e3o mundial.<\/p><p>Mesmo com a crise generalizada que assola o Pa\u00eds, \u00e9 poss\u00edvel contabilizar importantes conquistas. A principal foi a conscientiza\u00e7\u00e3o das pr\u00f3prias pessoas com defici\u00eancia e a sua orgamiza\u00e7\u00e3o social por meio de associa\u00e7\u00f5es, federa\u00e7\u00f5es e entidades n\u00e3o-governamentais. Conhecedores de seus DIREITOS E DEVERES, os portadores de defici\u00eancia hoje colhem frutos, resultado de muitas lutas e do sonho de uma sociedade mais justa.<\/p><p>Pretendo continuar tratando a quest\u00e3o por meio de cartuns e, se depender de todos os segmentos sociais, abordarei apenas as conquistas&#8230; O PRECONCEITO&#8230;?!? &#8220;Coisa do passado!?!&#8221;<\/p><\/div>\t\t\t\t\t\t<\/div>\n\t\t\t\t<\/div>\n\t\t\t\t\t<\/div>\n\t\t\t\t<\/div>\n\t\t<div class=\"elementor-element elementor-element-29e5761 e-flex e-con-boxed e-con e-parent\" data-id=\"29e5761\" data-element_type=\"container\" data-settings=\"{&quot;background_background&quot;:&quot;classic&quot;}\">\n\t\t\t\t\t<div class=\"e-con-inner\">\n\t\t\t\t<div class=\"elementor-element elementor-element-4bb5389 elementor-icon-list--layout-inline elementor-mobile-align-center elementor-list-item-link-full_width elementor-widget elementor-widget-icon-list\" data-id=\"4bb5389\" data-element_type=\"widget\" data-widget_type=\"icon-list.default\">\n\t\t\t\t<div class=\"elementor-widget-container\">\n\t\t\t\t\t<ul class=\"elementor-icon-list-items elementor-inline-items\">\n\t\t\t\t\t\t\t<li class=\"elementor-icon-list-item elementor-inline-item\">\n\t\t\t\t\t\t\t\t\t\t\t<span class=\"elementor-icon-list-icon\">\n\t\t\t\t\t\t\t<svg aria-hidden=\"true\" class=\"e-font-icon-svg e-fas-phone-alt\" viewBox=\"0 0 512 512\" xmlns=\"http:\/\/www.w3.org\/2000\/svg\"><path d=\"M497.39 361.8l-112-48a24 24 0 0 0-28 6.9l-49.6 60.6A370.66 370.66 0 0 1 130.6 204.11l60.6-49.6a23.94 23.94 0 0 0 6.9-28l-48-112A24.16 24.16 0 0 0 122.6.61l-104 24A24 24 0 0 0 0 48c0 256.5 207.9 464 464 464a24 24 0 0 0 23.4-18.6l24-104a24.29 24.29 0 0 0-14.01-27.6z\"><\/path><\/svg>\t\t\t\t\t\t<\/span>\n\t\t\t\t\t\t\t\t\t\t<span class=\"elementor-icon-list-text\">28 3522-4614<\/span>\n\t\t\t\t\t\t\t\t\t<\/li>\n\t\t\t\t\t\t\t\t<li class=\"elementor-icon-list-item elementor-inline-item\">\n\t\t\t\t\t\t\t\t\t\t\t<span class=\"elementor-icon-list-icon\">\n\t\t\t\t\t\t\t<svg aria-hidden=\"true\" class=\"e-font-icon-svg e-fab-whatsapp\" viewBox=\"0 0 448 512\" xmlns=\"http:\/\/www.w3.org\/2000\/svg\"><path d=\"M380.9 97.1C339 55.1 283.2 32 223.9 32c-122.4 0-222 99.6-222 222 0 39.1 10.2 77.3 29.6 111L0 480l117.7-30.9c32.4 17.7 68.9 27 106.1 27h.1c122.3 0 224.1-99.6 224.1-222 0-59.3-25.2-115-67.1-157zm-157 341.6c-33.2 0-65.7-8.9-94-25.7l-6.7-4-69.8 18.3L72 359.2l-4.4-7c-18.5-29.4-28.2-63.3-28.2-98.2 0-101.7 82.8-184.5 184.6-184.5 49.3 0 95.6 19.2 130.4 54.1 34.8 34.9 56.2 81.2 56.1 130.5 0 101.8-84.9 184.6-186.6 184.6zm101.2-138.2c-5.5-2.8-32.8-16.2-37.9-18-5.1-1.9-8.8-2.8-12.5 2.8-3.7 5.6-14.3 18-17.6 21.8-3.2 3.7-6.5 4.2-12 1.4-32.6-16.3-54-29.1-75.5-66-5.7-9.8 5.7-9.1 16.3-30.3 1.8-3.7.9-6.9-.5-9.7-1.4-2.8-12.5-30.1-17.1-41.2-4.5-10.8-9.1-9.3-12.5-9.5-3.2-.2-6.9-.2-10.6-.2-3.7 0-9.7 1.4-14.8 6.9-5.1 5.6-19.4 19-19.4 46.3 0 27.3 19.9 53.7 22.6 57.4 2.8 3.7 39.1 59.7 94.8 83.8 35.2 15.2 49 16.5 66.6 13.9 10.7-1.6 32.8-13.4 37.4-26.4 4.6-13 4.6-24.1 3.2-26.4-1.3-2.5-5-3.9-10.5-6.6z\"><\/path><\/svg>\t\t\t\t\t\t<\/span>\n\t\t\t\t\t\t\t\t\t\t<span class=\"elementor-icon-list-text\">28 99959-8632<\/span>\n\t\t\t\t\t\t\t\t\t<\/li>\n\t\t\t\t\t\t\t\t<li class=\"elementor-icon-list-item elementor-inline-item\">\n\t\t\t\t\t\t\t\t\t\t\t<span class=\"elementor-icon-list-icon\">\n\t\t\t\t\t\t\t<svg aria-hidden=\"true\" class=\"e-font-icon-svg e-far-envelope\" viewBox=\"0 0 512 512\" xmlns=\"http:\/\/www.w3.org\/2000\/svg\"><path d=\"M464 64H48C21.49 64 0 85.49 0 112v288c0 26.51 21.49 48 48 48h416c26.51 0 48-21.49 48-48V112c0-26.51-21.49-48-48-48zm0 48v40.805c-22.422 18.259-58.168 46.651-134.587 106.49-16.841 13.247-50.201 45.072-73.413 44.701-23.208.375-56.579-31.459-73.413-44.701C106.18 199.465 70.425 171.067 48 152.805V112h416zM48 400V214.398c22.914 18.251 55.409 43.862 104.938 82.646 21.857 17.205 60.134 55.186 103.062 54.955 42.717.231 80.509-37.199 103.053-54.947 49.528-38.783 82.032-64.401 104.947-82.653V400H48z\"><\/path><\/svg>\t\t\t\t\t\t<\/span>\n\t\t\t\t\t\t\t\t\t\t<span class=\"elementor-icon-list-text\">ricardoferraz33@gmail.com<\/span>\n\t\t\t\t\t\t\t\t\t<\/li>\n\t\t\t\t\t\t<\/ul>\n\t\t\t\t<\/div>\n\t\t\t\t<\/div>\n\t\t\t\t<div class=\"elementor-element elementor-element-2030408 elementor-widget elementor-widget-text-editor\" data-id=\"2030408\" data-element_type=\"widget\" data-widget_type=\"text-editor.default\">\n\t\t\t\t<div class=\"elementor-widget-container\">\n\t\t\t\t\t\t\t<p>Rua Euclides Baptista Gomes, 11 &#8211; Bairro Val\u00e3o<br \/>CEP: 29309-705 &#8211; Cachoeiro de Itapemirim &#8211; ES. &#8211; Brasil<\/p>\t\t\t\t\t\t<\/div>\n\t\t\t\t<\/div>\n\t\t\t\t\t<\/div>\n\t\t\t\t<\/div>\n\t\t\t\t<\/div>\n\t\t","protected":false},"excerpt":{"rendered":"<p>Home Hist\u00f3ria O Artista Trajet\u00f3ria Cartuns Contato X Siga-me no Instagram Ricardo Ferraz Ilustrador e Cartunista A Hist\u00f3ria Como tudo come\u00e7ou&#8230; Esta colet\u00e2nea de cartuns tem\u00e1ticos, que aborda o dia a dia das pessoas com defici\u00eancia, \u00e9 o resultado de duas d\u00e9cadas durante as quais registrei flagrantes em que as barreiras arquitet\u00f4nicas, o preconceito e [&hellip;]<\/p>\n","protected":false},"author":1,"featured_media":0,"parent":0,"menu_order":0,"comment_status":"closed","ping_status":"closed","template":"elementor_canvas","meta":{"footnotes":""},"class_list":["post-19","page","type-page","status-publish","hentry"],"_links":{"self":[{"href":"https:\/\/cadetudo.com.br\/ricardoferraz\/wp-json\/wp\/v2\/pages\/19","targetHints":{"allow":["GET"]}}],"collection":[{"href":"https:\/\/cadetudo.com.br\/ricardoferraz\/wp-json\/wp\/v2\/pages"}],"about":[{"href":"https:\/\/cadetudo.com.br\/ricardoferraz\/wp-json\/wp\/v2\/types\/page"}],"author":[{"embeddable":true,"href":"https:\/\/cadetudo.com.br\/ricardoferraz\/wp-json\/wp\/v2\/users\/1"}],"replies":[{"embeddable":true,"href":"https:\/\/cadetudo.com.br\/ricardoferraz\/wp-json\/wp\/v2\/comments?post=19"}],"version-history":[{"count":4,"href":"https:\/\/cadetudo.com.br\/ricardoferraz\/wp-json\/wp\/v2\/pages\/19\/revisions"}],"predecessor-version":[{"id":196,"href":"https:\/\/cadetudo.com.br\/ricardoferraz\/wp-json\/wp\/v2\/pages\/19\/revisions\/196"}],"wp:attachment":[{"href":"https:\/\/cadetudo.com.br\/ricardoferraz\/wp-json\/wp\/v2\/media?parent=19"}],"curies":[{"name":"wp","href":"https:\/\/api.w.org\/{rel}","templated":true}]}}